{"id":267,"date":"2024-11-11T16:56:50","date_gmt":"2024-11-11T15:56:50","guid":{"rendered":"https:\/\/yesdogeducation.com\/\/\/?page_id=267"},"modified":"2026-04-22T04:37:19","modified_gmt":"2026-04-22T02:37:19","slug":"equipe","status":"publish","type":"page","link":"https:\/\/yesdogeducation.com\/index.php\/equipe\/","title":{"rendered":"EQUIPE"},"content":{"rendered":"\n<div class=\"wp-block-cover has-custom-content-position is-position-center-left has-aspect-ratio\" style=\"margin-top:0;margin-bottom:0;min-height:772px;aspect-ratio:auto;min-height:unset;\"><img fetchpriority=\"high\" decoding=\"async\" width=\"2000\" height=\"1414\" class=\"wp-block-cover__image-background wp-image-2162 size-full\" alt=\"\" src=\"https:\/\/yesdogeducation.com\/wp-content\/uploads\/2024\/11\/educateur-canin-77-border.png\" style=\"object-position:41% 52%\" data-object-fit=\"cover\" data-object-position=\"41% 52%\" srcset=\"https:\/\/yesdogeducation.com\/wp-content\/uploads\/2024\/11\/educateur-canin-77-border.png 2000w, https:\/\/yesdogeducation.com\/wp-content\/uploads\/2024\/11\/educateur-canin-77-border-300x212.png 300w, https:\/\/yesdogeducation.com\/wp-content\/uploads\/2024\/11\/educateur-canin-77-border-1024x724.png 1024w, https:\/\/yesdogeducation.com\/wp-content\/uploads\/2024\/11\/educateur-canin-77-border-768x543.png 768w, https:\/\/yesdogeducation.com\/wp-content\/uploads\/2024\/11\/educateur-canin-77-border-1536x1086.png 1536w\" sizes=\"(max-width: 2000px) 100vw, 2000px\" \/><span aria-hidden=\"true\" class=\"wp-block-cover__background has-black-background-color has-background-dim-20 has-background-dim\"><\/span><div class=\"wp-block-cover__inner-container has-global-padding is-layout-constrained wp-container-core-cover-is-layout-be04af43 wp-block-cover-is-layout-constrained\">\n<figure class=\"wp-block-image size-large is-resized has-custom-border wow animate__animated animate__slideInUp wp-duotone-unset-1\" style=\"margin-bottom:0\"><img decoding=\"async\" width=\"1024\" height=\"389\" src=\"https:\/\/yesdogeducation.com\/wp-content\/uploads\/2025\/10\/Design-sans-titre-1-1024x389.png\" alt=\"\" class=\"wp-image-1125\" style=\"border-style:none;border-width:0px;border-top-left-radius:27px;border-top-right-radius:27px;border-bottom-left-radius:27px;border-bottom-right-radius:27px;aspect-ratio:2.622950819672131;object-fit:cover;width:673px\" srcset=\"https:\/\/yesdogeducation.com\/wp-content\/uploads\/2025\/10\/Design-sans-titre-1-1024x389.png 1024w, https:\/\/yesdogeducation.com\/wp-content\/uploads\/2025\/10\/Design-sans-titre-1-300x114.png 300w, https:\/\/yesdogeducation.com\/wp-content\/uploads\/2025\/10\/Design-sans-titre-1-768x292.png 768w, https:\/\/yesdogeducation.com\/wp-content\/uploads\/2025\/10\/Design-sans-titre-1.png 1536w\" sizes=\"(max-width: 1024px) 100vw, 1024px\" \/><\/figure>\n\n\n\n<div class=\"wp-block-group wow animate__animated animate__slideInUp has-global-padding is-content-justification-left is-layout-constrained wp-container-core-group-is-layout-66a3d339 wp-block-group-is-layout-constrained\" style=\"margin-top:0px;padding-top:var(--wp--preset--spacing--30);padding-right:0;padding-bottom:0;padding-left:0\">\n<h1 class=\"wp-block-heading\" style=\"margin-left:0;padding-top:var(--wp--preset--spacing--20);padding-right:0;padding-bottom:var(--wp--preset--spacing--20);padding-left:var(--wp--preset--spacing--20);font-size:clamp(25.014px, 1.563rem + ((1vw - 3.2px) * 1.894), 42px);\"><strong>Educateur Comportementaliste <\/strong>Canin <\/h1>\n\n\n\n<h2 class=\"wp-block-heading has-text-align-left\" style=\"margin-right:0;padding-right:0;padding-bottom:var(--wp--preset--spacing--30);padding-left:var(--wp--preset--spacing--20);font-size:clamp(19.481px, 1.218rem + ((1vw - 3.2px) * 1.284), 31px);\">Centre canin en Seine et Marne (77) Essonne (91)<\/h2>\n<\/div>\n\n\n\n<h2 class=\"wp-block-heading has-text-align-center has-text-color has-link-color wp-elements-3fc75df14f151d4e984a46acd0f7f61f\" style=\"color:#aacf3b;margin-top:var(--wp--preset--spacing--30);margin-bottom:var(--wp--preset--spacing--40);font-size:clamp(33.867px, 2.117rem + ((1vw - 3.2px) * 3.025), 61px);\"><strong>L&rsquo;\u00e9quipe<\/strong><\/h2>\n\n\n\n<div class=\"wp-block-buttons is-content-justification-center is-layout-flex wp-container-core-buttons-is-layout-e9a8509b wp-block-buttons-is-layout-flex\" style=\"margin-top:0;margin-bottom:var(--wp--preset--spacing--40)\">\n<div class=\"wp-block-button\"><a class=\"wp-block-button__link has-black-background-color has-text-color has-background has-link-color has-border-color has-white-border-color has-custom-font-size wp-element-button\" href=\"https:\/\/yesdogeducation.com\/index.php\/contacter-un-educateur-canin-77\/\" style=\"border-width:3px;border-top-left-radius:62px;border-top-right-radius:62px;border-bottom-left-radius:62px;border-bottom-right-radius:62px;color:#8ab11d;font-size:clamp(17.905px, 1.119rem + ((1vw - 3.2px) * 1.125), 28px);\"><strong>NOUS CONTACTER<\/strong><\/a><\/div>\n<\/div>\n\n\n\n<div class=\"wp-block-group is-content-justification-center is-nowrap is-layout-flex wp-container-core-group-is-layout-493d761e wp-block-group-is-layout-flex\" style=\"padding-top:0;padding-right:0;padding-bottom:0;padding-left:var(--wp--preset--spacing--10)\">\n<p class=\"has-text-color has-link-color wp-elements-ee4403adca09fe16d59a10de56dc2661\" style=\"color:#fcc808;font-size:clamp(17.905px, 1.119rem + ((1vw - 3.2px) * 1.125), 28px);\">\u2605\u2605\u2605\u2605\u2605<\/p>\n\n\n\n<div class=\"wp-block-group is-nowrap is-layout-flex wp-container-core-group-is-layout-6c531013 wp-block-group-is-layout-flex\">\n<h3 class=\"wp-block-heading has-text-align-center has-white-color has-text-color has-link-color wp-elements-4db60dd4ca0503431af43ac753517cf1\" style=\"font-size:clamp(17.905px, 1.119rem + ((1vw - 3.2px) * 1.125), 28px);\">Note avis Google de 5\/5<\/h3>\n<\/div>\n<\/div>\n\n\n\n<div class=\"wp-block-group is-content-justification-center is-nowrap is-layout-flex wp-container-core-group-is-layout-0b7aef7b wp-block-group-is-layout-flex\" style=\"padding-top:0;padding-right:0;padding-bottom:var(--wp--preset--spacing--30);padding-left:var(--wp--preset--spacing--40);font-size:clamp(31.152px, 1.947rem + ((1vw - 3.2px) * 2.659), 55px);\">\n<div class=\"wp-block-group is-content-justification-left is-nowrap is-layout-flex wp-container-core-group-is-layout-6c2a88dd wp-block-group-is-layout-flex\" style=\"padding-left:var(--wp--preset--spacing--40)\">\n<h3 class=\"wp-block-heading has-text-align-right has-white-color has-text-color has-link-color wp-elements-36ac7e778d081831ded1f00a58ad35dd\" style=\"font-size:clamp(1.092rem, 1.092rem + ((1vw - 0.2rem) * 1.084), 1.7rem);\">+ de 500 chiens \u00e9duqu\u00e9s<\/h3>\n<\/div>\n<\/div>\n<\/div><\/div>\n\n\n\n<main class=\"wp-block-group is-layout-flow wp-block-group-is-layout-flow\" style=\"margin-top:0;margin-bottom:0;padding-top:0;padding-right:0;padding-bottom:0;padding-left:0\">\n<div class=\"wp-block-group is-layout-grid wp-container-core-group-is-layout-7c04d59b wp-block-group-is-layout-grid\" style=\"margin-top:var(--wp--preset--spacing--10);margin-bottom:var(--wp--preset--spacing--30);padding-top:var(--wp--preset--spacing--50);padding-right:var(--wp--preset--spacing--20);padding-bottom:0;padding-left:var(--wp--preset--spacing--20)\">\n<figure class=\"wp-block-image aligncenter size-full is-resized has-custom-border is-style-default wp-container-content-e29552f7\" style=\"margin-right:0;margin-left:0\"><img decoding=\"async\" width=\"960\" height=\"903\" src=\"https:\/\/yesdogeducation.com\/\/\/wp-content\/uploads\/2024\/11\/DAVIDMOTTA-2.png\" alt=\"\" class=\"wp-image-271\" style=\"border-top-left-radius:25px;border-top-right-radius:25px;border-bottom-left-radius:25px;border-bottom-right-radius:25px;width:287px\" srcset=\"https:\/\/yesdogeducation.com\/wp-content\/uploads\/2024\/11\/DAVIDMOTTA-2.png 960w, https:\/\/yesdogeducation.com\/wp-content\/uploads\/2024\/11\/DAVIDMOTTA-2-300x282.png 300w, https:\/\/yesdogeducation.com\/wp-content\/uploads\/2024\/11\/DAVIDMOTTA-2-768x722.png 768w\" sizes=\"(max-width: 960px) 100vw, 960px\" \/><\/figure>\n\n\n\n<p class=\"has-text-align-center\" style=\"margin-top:var(--wp--preset--spacing--30);font-size:clamp(14px, 0.875rem + ((1vw - 3.2px) * 0.111), 15px);\">David Vieira, fondateur de YES DOG EDUCATION<\/p>\n\n\n\n<figure class=\"wp-block-image aligncenter size-full is-resized has-custom-border is-style-default wp-container-content-e29552f7\" style=\"margin-top:var(--wp--preset--spacing--10)\"><img loading=\"lazy\" decoding=\"async\" width=\"940\" height=\"788\" src=\"https:\/\/yesdogeducation.com\/\/\/wp-content\/uploads\/2024\/11\/Sans-titre-17-copie-2.png\" alt=\"\" class=\"wp-image-269\" style=\"border-top-left-radius:25px;border-top-right-radius:25px;border-bottom-left-radius:25px;border-bottom-right-radius:25px;width:287px\" srcset=\"https:\/\/yesdogeducation.com\/wp-content\/uploads\/2024\/11\/Sans-titre-17-copie-2.png 940w, https:\/\/yesdogeducation.com\/wp-content\/uploads\/2024\/11\/Sans-titre-17-copie-2-300x251.png 300w, https:\/\/yesdogeducation.com\/wp-content\/uploads\/2024\/11\/Sans-titre-17-copie-2-768x644.png 768w\" sizes=\"(max-width: 940px) 100vw, 940px\" \/><\/figure>\n\n\n\n<p class=\"has-text-align-center wp-container-content-69bc4bdf\" style=\"margin-top:var(--wp--preset--spacing--30);margin-bottom:var(--wp--preset--spacing--10);font-size:clamp(14px, 0.875rem + ((1vw - 3.2px) * 0.111), 15px);\">Beno\u00eet Heinrich, co-fondateur<\/p>\n\n\n\n<figure class=\"wp-block-image aligncenter size-full is-resized has-custom-border is-style-default wp-container-content-e29552f7\" style=\"margin-top:0;margin-bottom:var(--wp--preset--spacing--10)\"><img loading=\"lazy\" decoding=\"async\" width=\"628\" height=\"640\" src=\"https:\/\/yesdogeducation.com\/wp-content\/uploads\/2025\/10\/Charlie1.jpg\" alt=\"\" class=\"wp-image-599\" style=\"border-top-left-radius:25px;border-top-right-radius:25px;border-bottom-left-radius:25px;border-bottom-right-radius:25px;width:287px\" srcset=\"https:\/\/yesdogeducation.com\/wp-content\/uploads\/2025\/10\/Charlie1.jpg 628w, https:\/\/yesdogeducation.com\/wp-content\/uploads\/2025\/10\/Charlie1-294x300.jpg 294w\" sizes=\"(max-width: 628px) 100vw, 628px\" \/><\/figure>\n\n\n\n<p class=\"has-text-align-center\" style=\"margin-top:var(--wp--preset--spacing--30);margin-bottom:var(--wp--preset--spacing--10)\">CHARLIE<\/p>\n\n\n\n<figure class=\"wp-block-image aligncenter size-full is-resized has-custom-border is-style-default wp-container-content-e29552f7\" style=\"margin-top:0\"><img loading=\"lazy\" decoding=\"async\" width=\"405\" height=\"539\" src=\"https:\/\/yesdogeducation.com\/\/\/wp-content\/uploads\/2024\/11\/MOTTA.jpg\" alt=\"\" class=\"wp-image-277\" style=\"border-top-left-radius:25px;border-top-right-radius:25px;border-bottom-left-radius:25px;border-bottom-right-radius:25px;width:287px\" srcset=\"https:\/\/yesdogeducation.com\/wp-content\/uploads\/2024\/11\/MOTTA.jpg 405w, https:\/\/yesdogeducation.com\/wp-content\/uploads\/2024\/11\/MOTTA-225x300.jpg 225w\" sizes=\"(max-width: 405px) 100vw, 405px\" \/><\/figure>\n\n\n\n<p class=\"has-text-align-center\" style=\"margin-top:var(--wp--preset--spacing--30);margin-right:var(--wp--preset--spacing--10);margin-bottom:var(--wp--preset--spacing--30);margin-left:0\">MOTTA<\/p>\n\n\n\n<figure class=\"wp-block-image aligncenter size-full is-resized has-custom-border is-style-default wp-container-content-7005ed8a\"><img loading=\"lazy\" decoding=\"async\" width=\"814\" height=\"837\" src=\"https:\/\/yesdogeducation.com\/\/\/wp-content\/uploads\/2024\/11\/PACO.jpg\" alt=\"\" class=\"wp-image-272\" style=\"border-top-left-radius:25px;border-top-right-radius:25px;border-bottom-left-radius:25px;border-bottom-right-radius:25px;width:287px\" srcset=\"https:\/\/yesdogeducation.com\/wp-content\/uploads\/2024\/11\/PACO.jpg 814w, https:\/\/yesdogeducation.com\/wp-content\/uploads\/2024\/11\/PACO-292x300.jpg 292w, https:\/\/yesdogeducation.com\/wp-content\/uploads\/2024\/11\/PACO-768x790.jpg 768w\" sizes=\"(max-width: 814px) 100vw, 814px\" \/><\/figure>\n\n\n\n<p class=\"has-text-align-center wp-container-content-a6d32c58\" style=\"margin-top:var(--wp--preset--spacing--30);margin-bottom:var(--wp--preset--spacing--10);margin-left:0\">PACO<\/p>\n\n\n\n<figure class=\"wp-block-image aligncenter size-full is-resized has-custom-border is-style-default wp-container-content-e29552f7\" style=\"margin-top:0;margin-bottom:0\"><img loading=\"lazy\" decoding=\"async\" width=\"940\" height=\"788\" src=\"https:\/\/yesdogeducation.com\/\/\/wp-content\/uploads\/2024\/11\/Sans-titre-17-copie.png\" alt=\"\" class=\"wp-image-278\" style=\"border-top-left-radius:25px;border-top-right-radius:25px;border-bottom-left-radius:25px;border-bottom-right-radius:25px;width:287px\" srcset=\"https:\/\/yesdogeducation.com\/wp-content\/uploads\/2024\/11\/Sans-titre-17-copie.png 940w, https:\/\/yesdogeducation.com\/wp-content\/uploads\/2024\/11\/Sans-titre-17-copie-300x251.png 300w, https:\/\/yesdogeducation.com\/wp-content\/uploads\/2024\/11\/Sans-titre-17-copie-768x644.png 768w\" sizes=\"(max-width: 940px) 100vw, 940px\" \/><\/figure>\n\n\n\n<p class=\"has-text-align-center\" style=\"margin-top:var(--wp--preset--spacing--30);margin-bottom:var(--wp--preset--spacing--30);margin-left:0\">ROGER&rsquo;S<\/p>\n<\/div>\n<\/main>\n","protected":false},"excerpt":{"rendered":"<p>David Vieira, fondateur de YES DOG EDUCATION Beno\u00eet Heinrich, co-fondateur CHARLIE MOTTA PACO ROGER&rsquo;S<\/p>\n","protected":false},"author":1,"featured_media":0,"parent":0,"menu_order":0,"comment_status":"closed","ping_status":"closed","template":"full-width","meta":{"footnotes":""},"class_list":["post-267","page","type-page","status-publish","hentry"],"yoast_head":"<!-- This site is optimized with the Yoast SEO plugin v27.4 - https:\/\/yoast.com\/product\/yoast-seo-wordpress\/ -->\n<title>EQUIPE - YES DOG EDUCATION<\/title>\n<meta name=\"description\" content=\"\u00e9ducateur canin \u00e9cole du chiot chiens adultes \u00e9ducation et r\u00e9\u00e9ducation melun fontainebleau d\u00e9partements 77 91\" \/>\n<meta name=\"robots\" content=\"index, follow, max-snippet:-1, max-image-preview:large, max-video-preview:-1\" \/>\n<link rel=\"canonical\" href=\"https:\/\/yesdogeducation.com\/index.php\/equipe\/\" \/>\n<meta property=\"og:locale\" content=\"fr_FR\" \/>\n<meta property=\"og:type\" content=\"article\" \/>\n<meta property=\"og:title\" content=\"EQUIPE - YES DOG EDUCATION\" \/>\n<meta property=\"og:description\" content=\"\u00e9ducateur canin \u00e9cole du chiot chiens adultes \u00e9ducation et r\u00e9\u00e9ducation melun fontainebleau d\u00e9partements 77 91\" \/>\n<meta property=\"og:url\" content=\"https:\/\/yesdogeducation.com\/index.php\/equipe\/\" \/>\n<meta property=\"og:site_name\" content=\"YES DOG EDUCATION\" \/>\n<meta property=\"article:modified_time\" content=\"2026-04-22T02:37:19+00:00\" \/>\n<meta property=\"og:image\" content=\"https:\/\/yesdogeducation.com\/wp-content\/uploads\/2024\/11\/educateur-canin-77-border.png\" \/>\n\t<meta property=\"og:image:width\" content=\"2000\" \/>\n\t<meta property=\"og:image:height\" content=\"1414\" \/>\n\t<meta property=\"og:image:type\" content=\"image\/png\" \/>\n<meta name=\"twitter:card\" content=\"summary_large_image\" \/>\n<meta name=\"twitter:label1\" content=\"Dur\u00e9e de lecture estim\u00e9e\" \/>\n\t<meta name=\"twitter:data1\" content=\"2 minutes\" \/>\n<script type=\"application\/ld+json\" class=\"yoast-schema-graph\">{\"@context\":\"https:\\\/\\\/schema.org\",\"@graph\":[{\"@type\":\"WebPage\",\"@id\":\"https:\\\/\\\/yesdogeducation.com\\\/index.php\\\/equipe\\\/\",\"url\":\"https:\\\/\\\/yesdogeducation.com\\\/index.php\\\/equipe\\\/\",\"name\":\"EQUIPE - YES DOG EDUCATION\",\"isPartOf\":{\"@id\":\"https:\\\/\\\/yesdogeducation.com\\\/#website\"},\"primaryImageOfPage\":{\"@id\":\"https:\\\/\\\/yesdogeducation.com\\\/index.php\\\/equipe\\\/#primaryimage\"},\"image\":{\"@id\":\"https:\\\/\\\/yesdogeducation.com\\\/index.php\\\/equipe\\\/#primaryimage\"},\"thumbnailUrl\":\"https:\\\/\\\/yesdogeducation.com\\\/wp-content\\\/uploads\\\/2024\\\/11\\\/educateur-canin-77-border.png\",\"datePublished\":\"2024-11-11T15:56:50+00:00\",\"dateModified\":\"2026-04-22T02:37:19+00:00\",\"description\":\"\u00e9ducateur canin \u00e9cole du chiot chiens adultes \u00e9ducation et r\u00e9\u00e9ducation melun fontainebleau d\u00e9partements 77 91\",\"breadcrumb\":{\"@id\":\"https:\\\/\\\/yesdogeducation.com\\\/index.php\\\/equipe\\\/#breadcrumb\"},\"inLanguage\":\"fr-FR\",\"potentialAction\":[{\"@type\":\"ReadAction\",\"target\":[\"https:\\\/\\\/yesdogeducation.com\\\/index.php\\\/equipe\\\/\"]}]},{\"@type\":\"ImageObject\",\"inLanguage\":\"fr-FR\",\"@id\":\"https:\\\/\\\/yesdogeducation.com\\\/index.php\\\/equipe\\\/#primaryimage\",\"url\":\"https:\\\/\\\/yesdogeducation.com\\\/wp-content\\\/uploads\\\/2024\\\/11\\\/educateur-canin-77-border.png\",\"contentUrl\":\"https:\\\/\\\/yesdogeducation.com\\\/wp-content\\\/uploads\\\/2024\\\/11\\\/educateur-canin-77-border.png\",\"width\":2000,\"height\":1414},{\"@type\":\"BreadcrumbList\",\"@id\":\"https:\\\/\\\/yesdogeducation.com\\\/index.php\\\/equipe\\\/#breadcrumb\",\"itemListElement\":[{\"@type\":\"ListItem\",\"position\":1,\"name\":\"Accueil\",\"item\":\"https:\\\/\\\/yesdogeducation.com\\\/\"},{\"@type\":\"ListItem\",\"position\":2,\"name\":\"EQUIPE\"}]},{\"@type\":\"WebSite\",\"@id\":\"https:\\\/\\\/yesdogeducation.com\\\/#website\",\"url\":\"https:\\\/\\\/yesdogeducation.com\\\/\",\"name\":\"YES DOG EDUCATION\",\"description\":\"Educateur canin 77 91 Melun Fontainebleau Corbeil Milly\",\"publisher\":{\"@id\":\"https:\\\/\\\/yesdogeducation.com\\\/#organization\"},\"potentialAction\":[{\"@type\":\"SearchAction\",\"target\":{\"@type\":\"EntryPoint\",\"urlTemplate\":\"https:\\\/\\\/yesdogeducation.com\\\/?s={search_term_string}\"},\"query-input\":{\"@type\":\"PropertyValueSpecification\",\"valueRequired\":true,\"valueName\":\"search_term_string\"}}],\"inLanguage\":\"fr-FR\"},{\"@type\":\"Organization\",\"@id\":\"https:\\\/\\\/yesdogeducation.com\\\/#organization\",\"name\":\"YES DOG EDUCATION\",\"url\":\"https:\\\/\\\/yesdogeducation.com\\\/\",\"logo\":{\"@type\":\"ImageObject\",\"inLanguage\":\"fr-FR\",\"@id\":\"https:\\\/\\\/yesdogeducation.com\\\/#\\\/schema\\\/logo\\\/image\\\/\",\"url\":\"https:\\\/\\\/yesdogeducation.com\\\/wp-content\\\/uploads\\\/2024\\\/11\\\/educateur-canin-melun-logo-1-scaled.png\",\"contentUrl\":\"https:\\\/\\\/yesdogeducation.com\\\/wp-content\\\/uploads\\\/2024\\\/11\\\/educateur-canin-melun-logo-1-scaled.png\",\"width\":2560,\"height\":898,\"caption\":\"YES DOG EDUCATION\"},\"image\":{\"@id\":\"https:\\\/\\\/yesdogeducation.com\\\/#\\\/schema\\\/logo\\\/image\\\/\"}}]}<\/script>\n<!-- \/ Yoast SEO plugin. -->","yoast_head_json":{"title":"EQUIPE - YES DOG EDUCATION","description":"\u00e9ducateur canin \u00e9cole du chiot chiens adultes \u00e9ducation et r\u00e9\u00e9ducation melun fontainebleau d\u00e9partements 77 91","robots":{"index":"index","follow":"follow","max-snippet":"max-snippet:-1","max-image-preview":"max-image-preview:large","max-video-preview":"max-video-preview:-1"},"canonical":"https:\/\/yesdogeducation.com\/index.php\/equipe\/","og_locale":"fr_FR","og_type":"article","og_title":"EQUIPE - YES DOG EDUCATION","og_description":"\u00e9ducateur canin \u00e9cole du chiot chiens adultes \u00e9ducation et r\u00e9\u00e9ducation melun fontainebleau d\u00e9partements 77 91","og_url":"https:\/\/yesdogeducation.com\/index.php\/equipe\/","og_site_name":"YES DOG EDUCATION","article_modified_time":"2026-04-22T02:37:19+00:00","og_image":[{"width":2000,"height":1414,"url":"https:\/\/yesdogeducation.com\/wp-content\/uploads\/2024\/11\/educateur-canin-77-border.png","type":"image\/png"}],"twitter_card":"summary_large_image","twitter_misc":{"Dur\u00e9e de lecture estim\u00e9e":"2 minutes"},"schema":{"@context":"https:\/\/schema.org","@graph":[{"@type":"WebPage","@id":"https:\/\/yesdogeducation.com\/index.php\/equipe\/","url":"https:\/\/yesdogeducation.com\/index.php\/equipe\/","name":"EQUIPE - YES DOG EDUCATION","isPartOf":{"@id":"https:\/\/yesdogeducation.com\/#website"},"primaryImageOfPage":{"@id":"https:\/\/yesdogeducation.com\/index.php\/equipe\/#primaryimage"},"image":{"@id":"https:\/\/yesdogeducation.com\/index.php\/equipe\/#primaryimage"},"thumbnailUrl":"https:\/\/yesdogeducation.com\/wp-content\/uploads\/2024\/11\/educateur-canin-77-border.png","datePublished":"2024-11-11T15:56:50+00:00","dateModified":"2026-04-22T02:37:19+00:00","description":"\u00e9ducateur canin \u00e9cole du chiot chiens adultes \u00e9ducation et r\u00e9\u00e9ducation melun fontainebleau d\u00e9partements 77 91","breadcrumb":{"@id":"https:\/\/yesdogeducation.com\/index.php\/equipe\/#breadcrumb"},"inLanguage":"fr-FR","potentialAction":[{"@type":"ReadAction","target":["https:\/\/yesdogeducation.com\/index.php\/equipe\/"]}]},{"@type":"ImageObject","inLanguage":"fr-FR","@id":"https:\/\/yesdogeducation.com\/index.php\/equipe\/#primaryimage","url":"https:\/\/yesdogeducation.com\/wp-content\/uploads\/2024\/11\/educateur-canin-77-border.png","contentUrl":"https:\/\/yesdogeducation.com\/wp-content\/uploads\/2024\/11\/educateur-canin-77-border.png","width":2000,"height":1414},{"@type":"BreadcrumbList","@id":"https:\/\/yesdogeducation.com\/index.php\/equipe\/#breadcrumb","itemListElement":[{"@type":"ListItem","position":1,"name":"Accueil","item":"https:\/\/yesdogeducation.com\/"},{"@type":"ListItem","position":2,"name":"EQUIPE"}]},{"@type":"WebSite","@id":"https:\/\/yesdogeducation.com\/#website","url":"https:\/\/yesdogeducation.com\/","name":"YES DOG EDUCATION","description":"Educateur canin 77 91 Melun Fontainebleau Corbeil Milly","publisher":{"@id":"https:\/\/yesdogeducation.com\/#organization"},"potentialAction":[{"@type":"SearchAction","target":{"@type":"EntryPoint","urlTemplate":"https:\/\/yesdogeducation.com\/?s={search_term_string}"},"query-input":{"@type":"PropertyValueSpecification","valueRequired":true,"valueName":"search_term_string"}}],"inLanguage":"fr-FR"},{"@type":"Organization","@id":"https:\/\/yesdogeducation.com\/#organization","name":"YES DOG EDUCATION","url":"https:\/\/yesdogeducation.com\/","logo":{"@type":"ImageObject","inLanguage":"fr-FR","@id":"https:\/\/yesdogeducation.com\/#\/schema\/logo\/image\/","url":"https:\/\/yesdogeducation.com\/wp-content\/uploads\/2024\/11\/educateur-canin-melun-logo-1-scaled.png","contentUrl":"https:\/\/yesdogeducation.com\/wp-content\/uploads\/2024\/11\/educateur-canin-melun-logo-1-scaled.png","width":2560,"height":898,"caption":"YES DOG EDUCATION"},"image":{"@id":"https:\/\/yesdogeducation.com\/#\/schema\/logo\/image\/"}}]}},"_links":{"self":[{"href":"https:\/\/yesdogeducation.com\/index.php\/wp-json\/wp\/v2\/pages\/267","targetHints":{"allow":["GET"]}}],"collection":[{"href":"https:\/\/yesdogeducation.com\/index.php\/wp-json\/wp\/v2\/pages"}],"about":[{"href":"https:\/\/yesdogeducation.com\/index.php\/wp-json\/wp\/v2\/types\/page"}],"author":[{"embeddable":true,"href":"https:\/\/yesdogeducation.com\/index.php\/wp-json\/wp\/v2\/users\/1"}],"replies":[{"embeddable":true,"href":"https:\/\/yesdogeducation.com\/index.php\/wp-json\/wp\/v2\/comments?post=267"}],"version-history":[{"count":71,"href":"https:\/\/yesdogeducation.com\/index.php\/wp-json\/wp\/v2\/pages\/267\/revisions"}],"predecessor-version":[{"id":2731,"href":"https:\/\/yesdogeducation.com\/index.php\/wp-json\/wp\/v2\/pages\/267\/revisions\/2731"}],"wp:attachment":[{"href":"https:\/\/yesdogeducation.com\/index.php\/wp-json\/wp\/v2\/media?parent=267"}],"curies":[{"name":"wp","href":"https:\/\/api.w.org\/{rel}","templated":true}]}}